{"id":16420,"date":"2016-10-10T04:55:16","date_gmt":"2016-10-10T04:55:16","guid":{"rendered":"http:\/\/trullogiulio.it\/booking-now\/"},"modified":"2022-09-09T15:45:22","modified_gmt":"2022-09-09T13:45:22","slug":"jetzt-buchen","status":"publish","type":"page","link":"https:\/\/trullogiulio.it\/de\/jetzt-buchen\/","title":{"rendered":"Jetzt buchen"},"content":{"rendered":"<p>[vc_row padding_top_multiplier=&#8220;6x&#8220; padding_bottom_multiplier=&#8220;2x&#8220;][vc_column width=&#8220;1\/6&#8243;][\/vc_column][vc_column width=&#8220;2\/3&#8243;]<h2 class=\"grve-element grve-title grve-align-center grve-h1 grve-increase-heading grve-heading-140\" style=\"margin-bottom: 0px;\"><span>Jetzt buchen<\/span><\/h2><div class=\"grve-element grve-divider grve-align-center\" style=\"padding-top: 40px;padding-bottom: 10px;\"><span class=\"grve-custom-divider grve-bg-primary-1\" style=\"width: 90px;height: 5px;\"><\/span><\/div><h2 class=\"grve-element grve-title grve-align-center grve-h2\" style=\"\"><span><br>\n<p style=\"color: #aaaaaa;\">Senden Sie Ihre Reservierungsanfrage.<br \/>\nWir werden so schnell wie m\u00f6glich antworten, um die Tage zu best\u00e4tigen oder anzugeben, an denen Trullo Giulio verf\u00fcgbar sein wird.<br>\n<\/span><\/h2><div class=\"grve-empty-space grve-height-1x\" style=\"\"><\/div>\n<div class=\"wpcf7 no-js\" id=\"wpcf7-f16553-o1\" lang=\"en-US\" dir=\"ltr\">\n<div class=\"screen-reader-response\"><p role=\"status\" aria-live=\"polite\" aria-atomic=\"true\"><\/p> <ul><\/ul><\/div>\n<form action=\"\/de\/wp-json\/wp\/v2\/pages\/16420#wpcf7-f16553-o1\" method=\"post\" class=\"wpcf7-form init\" aria-label=\"Contact form\" novalidate=\"novalidate\" data-status=\"init\">\n<div style=\"display: none;\">\n<input type=\"hidden\" name=\"_wpcf7\" value=\"16553\" \/>\n<input type=\"hidden\" name=\"_wpcf7_version\" value=\"5.9.6\" \/>\n<input type=\"hidden\" name=\"_wpcf7_locale\" value=\"en_US\" \/>\n<input type=\"hidden\" name=\"_wpcf7_unit_tag\" value=\"wpcf7-f16553-o1\" \/>\n<input type=\"hidden\" name=\"_wpcf7_container_post\" value=\"0\" \/>\n<input type=\"hidden\" name=\"_wpcf7_posted_data_hash\" value=\"\" \/>\n<\/div>\n<div class=\"grve-form grve-fields-round grve-align-center\">\n\t<div class=\"grve-fields-wrapper\">\n\t\t<div class=\"grve-one-third\">\n\t\t\t<p><span class=\"wpcf7-form-control-wrap\" data-name=\"nome\"><input size=\"40\" maxlength=\"80\" class=\"wpcf7-form-control wpcf7-text wpcf7-validates-as-required\" aria-required=\"true\" aria-invalid=\"false\" placeholder=\"Name und Nachname*\" value=\"\" type=\"text\" name=\"nome\" \/><\/span>\n\t\t\t<\/p>\n\t\t<\/div>\n\t\t<div class=\"grve-one-third\">\n\t\t\t<p><span class=\"wpcf7-form-control-wrap\" data-name=\"email\"><input size=\"40\" maxlength=\"80\" class=\"wpcf7-form-control wpcf7-email wpcf7-validates-as-required wpcf7-text wpcf7-validates-as-email\" aria-required=\"true\" aria-invalid=\"false\" placeholder=\"Email*\" value=\"\" type=\"email\" name=\"email\" \/><\/span>\n\t\t\t<\/p>\n\t\t<\/div>\n\t\t<div class=\"grve-one-third grve-last-column\">\n\t\t\t<p><span class=\"wpcf7-form-control-wrap\" data-name=\"telefono\"><input size=\"40\" maxlength=\"80\" class=\"wpcf7-form-control wpcf7-tel wpcf7-validates-as-required wpcf7-text wpcf7-validates-as-tel\" aria-required=\"true\" aria-invalid=\"false\" value=\"Telefon*\" type=\"tel\" name=\"telefono\" \/><\/span>\n\t\t\t<\/p>\n\t\t<\/div>\n\t\t<div class=\"grve-one-third\">\n\t\t\t<p>Einchecken:<span class=\"wpcf7-form-control-wrap\" data-name=\"check-in\"><input class=\"wpcf7-form-control wpcf7-date wpcf7-validates-as-required wpcf7-validates-as-date\" aria-required=\"true\" aria-invalid=\"false\" placeholder=\"Einchecken*\" value=\"\" type=\"date\" name=\"check-in\" \/><\/span>\n\t\t\t<\/p>\n\t\t<\/div>\n\t\t<div class=\"grve-one-third\">\n\t\t\t<p>Auschecken:<span class=\"wpcf7-form-control-wrap\" data-name=\"check-out\"><input class=\"wpcf7-form-control wpcf7-date wpcf7-validates-as-required wpcf7-validates-as-date\" aria-required=\"true\" aria-invalid=\"false\" placeholder=\"Auschecken*\" value=\"\" type=\"date\" name=\"check-out\" \/><\/span>\n\t\t\t<\/p>\n\t\t<\/div>\n\t\t<div class=\"grve-one-third grve-last-column\">\n\t\t\t<p>Anzahl von Personen<span class=\"wpcf7-form-control-wrap\" data-name=\"n-persone\"><input class=\"wpcf7-form-control wpcf7-number wpcf7-validates-as-required wpcf7-validates-as-number\" min=\"2\" max=\"16\" aria-required=\"true\" aria-invalid=\"false\" placeholder=\"Anzahl von Personen*\" value=\"\" type=\"number\" name=\"n-persone\" \/><\/span>\n\t\t\t<\/p>\n\t\t<\/div>\n\t\t<div>\n\t\t\t<p><span class=\"wpcf7-form-control-wrap\" data-name=\"messaggio\"><textarea cols=\"40\" rows=\"10\" maxlength=\"400\" class=\"wpcf7-form-control wpcf7-textarea\" aria-invalid=\"false\" placeholder=\"Ihre Nachricht*\" name=\"messaggio\"><\/textarea><\/span>\n\t\t\t<\/p>\n\t\t<\/div>\n\t\t<div>\n\t\t\t<p><span class=\"wpcf7-form-control-wrap\" data-name=\"GDPR\"><span class=\"wpcf7-form-control wpcf7-acceptance\"><span class=\"wpcf7-list-item\"><label><input type=\"checkbox\" name=\"GDPR\" value=\"1\" aria-invalid=\"false\" \/><span class=\"wpcf7-list-item-label\">Ich habe die <a href=\"http:\/\/trullogiulio.it\/de\/privacy-policy\/\" target=\"_blank\">Datenschutzbestimmungen<\/a> gelesen und akzeptiere sie.<\/span><\/label><\/span><\/span><\/span>\n\t\t\t<\/p>\n\t\t<\/div>\n\t\t<div>\n\t\t\t<p><input class=\"wpcf7-form-control wpcf7-submit has-spinner grve-round\" type=\"submit\" value=\"SENDEN\" \/>\n\t\t\t<\/p>\n\t\t<\/div>\n\t<\/div>\n<\/div><div class=\"wpcf7-response-output\" aria-hidden=\"true\"><\/div>\n<\/form>\n<\/div>\n[\/vc_column][vc_column width=&#8220;1\/6&#8243;][\/vc_column][\/vc_row][vc_row heading_color=&#8220;dark&#8220; bg_type=&#8220;color&#8220; padding_bottom_multiplier=&#8220;3x&#8220; font_color=&#8220;#ffffff&#8220; bg_color=&#8220;#777777&#8243;][vc_column heading_color=&#8220;light&#8220;]<h2 class=\"grve-element grve-title grve-align-center grve-h2\" style=\"\"><span><br>\n<h3 class=\"grve-slogan-title grve-align-left grve-h5\" style=\"text-align: center;\">Infos und Reservierungen<\/h3>\n<p class=\"\" style=\"text-align: center;\">Gaby \u00a0tel. +39 3939016736 &#8211; Antonio tel. +39 3484159025<br>\n<\/span><\/h2>[\/vc_column][\/vc_row]<\/p>\n","protected":false},"excerpt":{"rendered":"<p>[vc_row padding_top_multiplier=&#8220;6x&#8220; padding_bottom_multiplier=&#8220;2x&#8220;][vc_column width=&#8220;1\/6&#8243;][\/vc_column][vc_column width=&#8220;2\/3&#8243;][\/vc_column][vc_column width=&#8220;1\/6&#8243;][\/vc_column][\/vc_row][vc_row heading_color=&#8220;dark&#8220; bg_type=&#8220;color&#8220; padding_bottom_multiplier=&#8220;3x&#8220; font_color=&#8220;#ffffff&#8220; bg_color=&#8220;#777777&#8243;][vc_column heading_color=&#8220;light&#8220;][\/vc_column][\/vc_row]<\/p>\n","protected":false},"author":1,"featured_media":0,"parent":0,"menu_order":0,"comment_status":"closed","ping_status":"closed","template":"","meta":{"footnotes":""},"_links":{"self":[{"href":"https:\/\/trullogiulio.it\/de\/wp-json\/wp\/v2\/pages\/16420"}],"collection":[{"href":"https:\/\/trullogiulio.it\/de\/wp-json\/wp\/v2\/pages"}],"about":[{"href":"https:\/\/trullogiulio.it\/de\/wp-json\/wp\/v2\/types\/page"}],"author":[{"embeddable":true,"href":"https:\/\/trullogiulio.it\/de\/wp-json\/wp\/v2\/users\/1"}],"replies":[{"embeddable":true,"href":"https:\/\/trullogiulio.it\/de\/wp-json\/wp\/v2\/comments?post=16420"}],"version-history":[{"count":6,"href":"https:\/\/trullogiulio.it\/de\/wp-json\/wp\/v2\/pages\/16420\/revisions"}],"predecessor-version":[{"id":16422,"href":"https:\/\/trullogiulio.it\/de\/wp-json\/wp\/v2\/pages\/16420\/revisions\/16422"}],"wp:attachment":[{"href":"https:\/\/trullogiulio.it\/de\/wp-json\/wp\/v2\/media?parent=16420"}],"curies":[{"name":"wp","href":"https:\/\/api.w.org\/{rel}","templated":true}]}}