{"id":16439,"date":"2021-05-06T10:17:13","date_gmt":"2021-05-06T10:17:13","guid":{"rendered":"http:\/\/trullogiulio.it\/neart-the-place\/"},"modified":"2021-05-07T16:36:47","modified_gmt":"2021-05-07T16:36:47","slug":"die-umgebung","status":"publish","type":"page","link":"https:\/\/trullogiulio.it\/de\/die-umgebung\/","title":{"rendered":"Die Umgebung"},"content":{"rendered":"<p>[vc_row section_type=&#8220;fullwidth&#8220; padding_top_multiplier=&#8220;&#8220; padding_bottom_multiplier=&#8220;&#8220; columns_gap=&#8220;none&#8220; equal_column_height=&#8220;middle-content&#8220;][vc_column width=&#8220;1\/2&#8243; css=&#8220;.vc_custom_1620296868171{background-image: url(http:\/\/trullogiulio.it\/wp-content\/uploads\/2021\/05\/lecce.jpg?id=16209) !important;background-position: center !important;background-repeat: no-repeat !important;background-size: cover !important;}&#8220;][\/vc_column][vc_column column_effect=&#8220;mouse-move-x-y&#8220; column_effect_limit=&#8220;2x&#8220; column_effect_invert=&#8220;true&#8220; width=&#8220;1\/2&#8243; css=&#8220;.vc_custom_1620296583886{padding-top: 19% !important;padding-right: 19% !important;padding-bottom: 19% !important;padding-left: 19% !important;}&#8220;]<h2 class=\"grve-element grve-title grve-align-left grve-animated-item grve-duration-normal grve-fade-in-right grve-h1\" style=\"\" data-delay=\"200\"><span>Lecce<\/span><\/h2>[vc_column_text animation=&#8220;grve-fade-in-right&#8220; animation_delay=&#8220;600&#8243;]<\/p>\n<p class=\"p1\">Lecce, bekannt als \u201edas Florenz des S\u00fcdens\u201c, hat einen alten Messapiche-Ursprung und die arch\u00e4ologischen r\u00f6mischen Ruinen vermischen sich mit dem Reichtum und dem \u00dcberschwang des Barock, typisch f\u00fcr das 17. Jahrhundert, an Kirchen und Geb\u00e4uden im Zentrum. Entfernung 90 km.<\/p>\n<p>[\/vc_column_text]<div class=\"grve-element grve-divider grve-animated-item grve-fade-in-right grve-duration-normal grve-align-left\" style=\"padding-top: 30px;\" data-delay=\"800\"><span class=\"grve-custom-divider grve-bg-primary-1\" style=\"width: 100px;height: 5px;\"><\/span><\/div>[\/vc_column][\/vc_row][vc_row section_type=&#8220;fullwidth&#8220; padding_top_multiplier=&#8220;&#8220; padding_bottom_multiplier=&#8220;&#8220; columns_gap=&#8220;none&#8220; equal_column_height=&#8220;middle-content&#8220;][vc_column column_effect=&#8220;mouse-move-x-y&#8220; column_effect_limit=&#8220;2x&#8220; column_effect_invert=&#8220;true&#8220; width=&#8220;1\/2&#8243; css=&#8220;.vc_custom_1620296575673{padding-top: 19% !important;padding-right: 19% !important;padding-bottom: 19% !important;padding-left: 19% !important;}&#8220;]<h2 class=\"grve-element grve-title grve-align-left grve-animated-item grve-duration-normal grve-fade-in-left grve-h1\" style=\"\" data-delay=\"200\"><span>Torre Guaceto<\/span><\/h2>[vc_column_text animation=&#8220;grve-fade-in-left&#8220; animation_delay=&#8220;600&#8243;]<\/p>\n<p class=\"p1\">Das Meeresnaturschutzgebiet und die Tierwelt von \u201eTorre Guaceto\u201c, 2016 mit der Blauen Flagge ausgezeichnet, bieten einen unber\u00fchrten Strand, der sich \u00fcber 8.000 m erstreckt. Entfernung 45 km.<\/p>\n<p>[\/vc_column_text]<div class=\"grve-element grve-divider grve-animated-item grve-fade-in-left grve-duration-normal grve-align-left\" style=\"padding-top: 30px;\" data-delay=\"800\"><span class=\"grve-custom-divider grve-bg-primary-1\" style=\"width: 100px;height: 5px;\"><\/span><\/div>[\/vc_column][vc_column width=&#8220;1\/2&#8243; css=&#8220;.vc_custom_1620296916492{background-image: url(http:\/\/trullogiulio.it\/wp-content\/uploads\/2021\/05\/torreguaceto.jpg?id=16210) !important;background-position: center !important;background-repeat: no-repeat !important;background-size: cover !important;}&#8220;][\/vc_column][\/vc_row][vc_row section_type=&#8220;fullwidth&#8220; padding_top_multiplier=&#8220;&#8220; padding_bottom_multiplier=&#8220;&#8220; columns_gap=&#8220;none&#8220; equal_column_height=&#8220;middle-content&#8220;][vc_column width=&#8220;1\/2&#8243; css=&#8220;.vc_custom_1620297012176{background-image: url(http:\/\/trullogiulio.it\/wp-content\/uploads\/2021\/05\/grotte_castellana.jpg?id=16211) !important;background-position: center !important;background-repeat: no-repeat !important;background-size: cover !important;}&#8220;][\/vc_column][vc_column column_effect=&#8220;mouse-move-x-y&#8220; column_effect_limit=&#8220;2x&#8220; column_effect_invert=&#8220;true&#8220; width=&#8220;1\/2&#8243; css=&#8220;.vc_custom_1620296592661{padding-top: 19% !important;padding-right: 19% !important;padding-bottom: 19% !important;padding-left: 19% !important;}&#8220;]<h2 class=\"grve-element grve-title grve-align-left grve-animated-item grve-duration-normal grve-fade-in-right grve-h1\" style=\"\" data-delay=\"200\"><span>Grotte di Castellana<\/span><\/h2>[vc_column_text animation=&#8220;grve-fade-in-right&#8220; animation_delay=&#8220;600&#8243;]<\/p>\n<p class=\"p1\">Die Castellana-H\u00f6hlen sind ein Komplex unterirdischer Karsth\u00f6hlen, die zu den sch\u00f6nsten und spektakul\u00e4rsten in Italien und Europa geh\u00f6ren. Die ber\u00fchmte Wei\u00dfe Grotte wurde zur sch\u00f6nsten H\u00f6hle Europas gew\u00e4hlt. Entfernung 60 km.<\/p>\n<p>[\/vc_column_text]<div class=\"grve-element grve-divider grve-animated-item grve-fade-in-right grve-duration-normal grve-align-left\" style=\"padding-top: 30px;\" data-delay=\"800\"><span class=\"grve-custom-divider grve-bg-primary-1\" style=\"width: 100px;height: 5px;\"><\/span><\/div>[\/vc_column][\/vc_row][vc_row section_type=&#8220;fullwidth&#8220; padding_top_multiplier=&#8220;&#8220; padding_bottom_multiplier=&#8220;&#8220; columns_gap=&#8220;none&#8220; equal_column_height=&#8220;middle-content&#8220;][vc_column column_effect=&#8220;mouse-move-x-y&#8220; column_effect_limit=&#8220;2x&#8220; column_effect_invert=&#8220;true&#8220; width=&#8220;1\/2&#8243; css=&#8220;.vc_custom_1620296575673{padding-top: 19% !important;padding-right: 19% !important;padding-bottom: 19% !important;padding-left: 19% !important;}&#8220;]<h2 class=\"grve-element grve-title grve-align-left grve-animated-item grve-duration-normal grve-fade-in-left grve-h1\" style=\"\" data-delay=\"200\"><span>Cisternino<\/span><\/h2>[vc_column_text animation=&#8220;grve-fade-in-left&#8220; animation_delay=&#8220;600&#8243;]<\/p>\n<p class=\"p1\">Cisternino, das sich in der Murgia von Trulli befindet, geh\u00f6rt zu den \u201esch\u00f6nsten D\u00f6rfern Italiens\u201c und hat eine intakte Altstadt mit einer Vielzahl kleiner Restaurants und \u201eHerden\u201c (Macellerie-Tavernen) in kleinen engen Gassen. Entfernung 7 km.<\/p>\n<p>[\/vc_column_text]<div class=\"grve-element grve-divider grve-animated-item grve-fade-in-left grve-duration-normal grve-align-left\" style=\"padding-top: 30px;\" data-delay=\"800\"><span class=\"grve-custom-divider grve-bg-primary-1\" style=\"width: 100px;height: 5px;\"><\/span><\/div>[\/vc_column][vc_column width=&#8220;1\/2&#8243; css=&#8220;.vc_custom_1620297038266{background-image: url(http:\/\/trullogiulio.it\/wp-content\/uploads\/2021\/05\/cisternino.jpg?id=16212) !important;background-position: center !important;background-repeat: no-repeat !important;background-size: cover !important;}&#8220;][\/vc_column][\/vc_row][vc_row section_type=&#8220;fullwidth&#8220; padding_top_multiplier=&#8220;&#8220; padding_bottom_multiplier=&#8220;&#8220; columns_gap=&#8220;none&#8220; equal_column_height=&#8220;middle-content&#8220;][vc_column width=&#8220;1\/2&#8243; css=&#8220;.vc_custom_1620297257614{background-image: url(http:\/\/trullogiulio.it\/wp-content\/uploads\/2021\/05\/alberobello.jpg?id=16216) !important;background-position: center !important;background-repeat: no-repeat !important;background-size: cover !important;}&#8220;][\/vc_column][vc_column column_effect=&#8220;mouse-move-x-y&#8220; column_effect_limit=&#8220;2x&#8220; column_effect_invert=&#8220;true&#8220; width=&#8220;1\/2&#8243; css=&#8220;.vc_custom_1620296592661{padding-top: 19% !important;padding-right: 19% !important;padding-bottom: 19% !important;padding-left: 19% !important;}&#8220;]<h2 class=\"grve-element grve-title grve-align-left grve-animated-item grve-duration-normal grve-fade-in-right grve-h1\" style=\"\" data-delay=\"200\"><span>Alberobello<\/span><\/h2>[vc_column_text animation=&#8220;grve-fade-in-right&#8220; animation_delay=&#8220;600&#8243;]<\/p>\n<p class=\"p1\">Alberobello ist zweifellos die Hauptstadt von Trulli: Das historische Zentrum besteht vollst\u00e4ndig aus diesen besonderen pyramidenf\u00f6rmigen Geb\u00e4uden, die es weltweit einzigartig machen. Alberobello ist eine der 50 italienischen St\u00e4tten, die in die Liste des UNESCO-Weltkulturerbes aufgenommen wurden. Entfernung 40 km.<\/p>\n<p>[\/vc_column_text]<div class=\"grve-element grve-divider grve-animated-item grve-fade-in-right grve-duration-normal grve-align-left\" style=\"padding-top: 30px;\" data-delay=\"800\"><span class=\"grve-custom-divider grve-bg-primary-1\" style=\"width: 100px;height: 5px;\"><\/span><\/div>[\/vc_column][\/vc_row][vc_row section_type=&#8220;fullwidth&#8220; padding_top_multiplier=&#8220;&#8220; padding_bottom_multiplier=&#8220;&#8220; columns_gap=&#8220;none&#8220; equal_column_height=&#8220;middle-content&#8220;][vc_column column_effect=&#8220;mouse-move-x-y&#8220; column_effect_limit=&#8220;2x&#8220; column_effect_invert=&#8220;true&#8220; width=&#8220;1\/2&#8243; css=&#8220;.vc_custom_1620296575673{padding-top: 19% !important;padding-right: 19% !important;padding-bottom: 19% !important;padding-left: 19% !important;}&#8220;]<h2 class=\"grve-element grve-title grve-align-left grve-animated-item grve-duration-normal grve-fade-in-left grve-h1\" style=\"\" data-delay=\"200\"><span>Locorotondo<\/span><\/h2>[vc_column_text animation=&#8220;grve-fade-in-left&#8220; animation_delay=&#8220;600&#8243;]<\/p>\n<p class=\"p1\">Locorotondo von einem nat\u00fcrlichen Balkon mit Blick auf das Tal von Trulli. Aus der umliegenden Landschaft erscheint eine schillernde Ansammlung wei\u00dfer H\u00e4user, die sich in konzentrischen Kreisen ansammeln. Entfernung 15 km.<\/p>\n<p>[\/vc_column_text]<div class=\"grve-element grve-divider grve-animated-item grve-fade-in-left grve-duration-normal grve-align-left\" style=\"padding-top: 30px;\" data-delay=\"800\"><span class=\"grve-custom-divider grve-bg-primary-1\" style=\"width: 100px;height: 5px;\"><\/span><\/div>[\/vc_column][vc_column width=&#8220;1\/2&#8243; css=&#8220;.vc_custom_1620297223627{background-image: url(http:\/\/trullogiulio.it\/wp-content\/uploads\/2021\/05\/locorotondo-1.jpg?id=16215) !important;background-position: center !important;background-repeat: no-repeat !important;background-size: cover !important;}&#8220;][\/vc_column][\/vc_row][vc_row section_type=&#8220;fullwidth&#8220; padding_top_multiplier=&#8220;&#8220; padding_bottom_multiplier=&#8220;&#8220; columns_gap=&#8220;none&#8220; equal_column_height=&#8220;middle-content&#8220;][vc_column width=&#8220;1\/2&#8243; css=&#8220;.vc_custom_1620297171842{background-image: url(http:\/\/trullogiulio.it\/wp-content\/uploads\/2021\/05\/ostuni.jpg?id=16214) !important;background-position: center !important;background-repeat: no-repeat !important;background-size: cover !important;}&#8220;][\/vc_column][vc_column column_effect=&#8220;mouse-move-x-y&#8220; column_effect_limit=&#8220;2x&#8220; column_effect_invert=&#8220;true&#8220; width=&#8220;1\/2&#8243; css=&#8220;.vc_custom_1620296592661{padding-top: 19% !important;padding-right: 19% !important;padding-bottom: 19% !important;padding-left: 19% !important;}&#8220;]<h2 class=\"grve-element grve-title grve-align-left grve-animated-item grve-duration-normal grve-fade-in-right grve-h1\" style=\"\" data-delay=\"200\"><span>Ostuni<\/span><\/h2>[vc_column_text animation=&#8220;grve-fade-in-right&#8220; animation_delay=&#8220;600&#8243;]<\/p>\n<p class=\"p1\">Ostuni wird wegen seiner malerischen, wei\u00df gestrichenen Altstadt auch die Wei\u00dfe Stadt genannt. Entfernung 14 km.<\/p>\n<p>[\/vc_column_text]<div class=\"grve-element grve-divider grve-animated-item grve-fade-in-right grve-duration-normal grve-align-left\" style=\"padding-top: 30px;\" data-delay=\"800\"><span class=\"grve-custom-divider grve-bg-primary-1\" style=\"width: 100px;height: 5px;\"><\/span><\/div>[\/vc_column][\/vc_row][vc_row section_type=&#8220;fullwidth&#8220; padding_top_multiplier=&#8220;&#8220; padding_bottom_multiplier=&#8220;&#8220; columns_gap=&#8220;none&#8220; equal_column_height=&#8220;middle-content&#8220;][vc_column column_effect=&#8220;mouse-move-x-y&#8220; column_effect_limit=&#8220;2x&#8220; column_effect_invert=&#8220;true&#8220; width=&#8220;1\/2&#8243; css=&#8220;.vc_custom_1620296575673{padding-top: 19% !important;padding-right: 19% !important;padding-bottom: 19% !important;padding-left: 19% !important;}&#8220;]<h2 class=\"grve-element grve-title grve-align-left grve-animated-item grve-duration-normal grve-fade-in-left grve-h1\" style=\"\" data-delay=\"200\"><span>Martina Franca<\/span><\/h2>[vc_column_text animation=&#8220;grve-fade-in-left&#8220; animation_delay=&#8220;600&#8243;]<\/p>\n<p class=\"p1\">Martina Franca ist das bev\u00f6lkerungsreichste Land des Itria-Tals, bekannt f\u00fcr seinen pr\u00e4chtigen Barock und die gleichnamige Architektur des Musikfestivals.<\/p>\n<p>[\/vc_column_text]<div class=\"grve-element grve-divider grve-animated-item grve-fade-in-left grve-duration-normal grve-align-left\" style=\"padding-top: 30px;\" data-delay=\"800\"><span class=\"grve-custom-divider grve-bg-primary-1\" style=\"width: 100px;height: 5px;\"><\/span><\/div>[\/vc_column][vc_column width=&#8220;1\/2&#8243; css=&#8220;.vc_custom_1620297066943{background-image: url(http:\/\/trullogiulio.it\/wp-content\/uploads\/2021\/05\/martina_franca.jpg?id=16213) !important;background-position: center !important;background-repeat: no-repeat !important;background-size: cover !important;}&#8220;][\/vc_column][\/vc_row]<\/p>\n","protected":false},"excerpt":{"rendered":"<p>[vc_row section_type=&#8220;fullwidth&#8220; padding_top_multiplier=&#8220;&#8220; padding_bottom_multiplier=&#8220;&#8220; columns_gap=&#8220;none&#8220; equal_column_height=&#8220;middle-content&#8220;][vc_column width=&#8220;1\/2&#8243; css=&#8220;.vc_custom_1620296868171{background-image: url(http:\/\/trullogiulio.it\/wp-content\/uploads\/2021\/05\/lecce.jpg?id=16209) !important;background-position: center !important;background-repeat: no-repeat !important;background-size: cover !important;}&#8220;][\/vc_column][vc_column column_effect=&#8220;mouse-move-x-y&#8220; column_effect_limit=&#8220;2x&#8220; column_effect_invert=&#8220;true&#8220; width=&#8220;1\/2&#8243; css=&#8220;.vc_custom_1620296583886{padding-top: 19% !important;padding-right: 19% !important;padding-bottom: 19% !important;padding-left: 19% !important;}&#8220;][vc_column_text animation=&#8220;grve-fade-in-right&#8220; animation_delay=&#8220;600&#8243;] Lecce, bekannt als \u201edas Florenz des S\u00fcdens\u201c, hat einen alten Messapiche-Ursprung und die arch\u00e4ologischen r\u00f6mischen Ruinen vermischen sich mit dem Reichtum und dem \u00dcberschwang [&hellip;]<\/p>\n","protected":false},"author":1,"featured_media":0,"parent":0,"menu_order":0,"comment_status":"closed","ping_status":"closed","template":"","meta":{"footnotes":""},"_links":{"self":[{"href":"https:\/\/trullogiulio.it\/de\/wp-json\/wp\/v2\/pages\/16439"}],"collection":[{"href":"https:\/\/trullogiulio.it\/de\/wp-json\/wp\/v2\/pages"}],"about":[{"href":"https:\/\/trullogiulio.it\/de\/wp-json\/wp\/v2\/types\/page"}],"author":[{"embeddable":true,"href":"https:\/\/trullogiulio.it\/de\/wp-json\/wp\/v2\/users\/1"}],"replies":[{"embeddable":true,"href":"https:\/\/trullogiulio.it\/de\/wp-json\/wp\/v2\/comments?post=16439"}],"version-history":[{"count":3,"href":"https:\/\/trullogiulio.it\/de\/wp-json\/wp\/v2\/pages\/16439\/revisions"}],"predecessor-version":[{"id":16448,"href":"https:\/\/trullogiulio.it\/de\/wp-json\/wp\/v2\/pages\/16439\/revisions\/16448"}],"wp:attachment":[{"href":"https:\/\/trullogiulio.it\/de\/wp-json\/wp\/v2\/media?parent=16439"}],"curies":[{"name":"wp","href":"https:\/\/api.w.org\/{rel}","templated":true}]}}